{"id":13943,"date":"2025-09-29T16:58:14","date_gmt":"2025-09-29T09:58:14","guid":{"rendered":"https:\/\/919vn.com\/?page_id=13943"},"modified":"2025-11-05T08:43:57","modified_gmt":"2025-11-05T01:43:57","slug":"gioi-thieu-cong-ty","status":"publish","type":"page","link":"https:\/\/919vn.com\/vi\/gioi-thieu-cong-ty\/","title":{"rendered":"Gi\u1edbi thi\u1ec7u c\u00f4ng ty"},"content":{"rendered":"<h3 class=\"style03\">V\u1ec1 QUICK VIETNAM CO.,LTD.<\/h3>\n<div class=\"section clearfix\">\n<p class=\"center\"><img decoding=\"async\" src=\"https:\/\/919vn.com\/wp-content\/themes\/919vn\/images\/company_img01.jpg\" alt=\"QUICK VIETNAM CO.,LTD.\u306b\u3064\u3044\u3066\" width=\"420\" \/><\/p>\n<\/div>\n<div class=\"section clearfix\">\n<p><strong>QUICK VIETNAM CO., LTD. <\/strong>l\u00e0 ph\u00e1p nh\u00e2n t\u1ea1i Vi\u1ec7t Nam c\u1ee7a QUICK CO., LTD &#8211; c\u00f4ng ty \u0111\u00e3 ho\u1ea1t \u0111\u1ed9ng trong l\u0129nh v\u1ef1c nh\u00e2n s\u1ef1 h\u01a1n 40 n\u0103m t\u1ea1i Nh\u1eadt B\u1ea3n.<\/p>\n<\/div>\n<h4 class=\"style02\"><strong>Tri\u1ebft l\u00fd kinh doanh<\/strong><\/h4>\n<div class=\"section clearfix\">\n<p class=\"title01\"><strong>H\u01b0\u1edbng t\u1edbi m\u1ee5c ti\u00eau tr\u1edf th\u00e0nh doanh nghi\u1ec7p \u201cmang l\u1ea1i h\u1ea1nh ph\u00fac cho t\u1ea5t c\u1ea3 nh\u1eefng ng\u01b0\u1eddi xung quanh\u201d.<\/strong><\/p>\n<p>Tri\u1ebft l\u00fd kinh doanh n\u00e0y ch\u00ednh l\u00e0 n\u1ec1n t\u1ea3ng quan tr\u1ecdng nh\u1ea5t \u0111\u1ecbnh h\u01b0\u1edbng cho ho\u1ea1t \u0111\u1ed9ng kinh doanh c\u1ee7a ch\u00fang t\u00f4i trong qu\u00e1 kh\u1ee9, hi\u1ec7n t\u1ea1i v\u00e0 c\u1ea3 t\u01b0\u01a1ng lai.<br \/>\nV\u1edbi m\u1ee5c ti\u00eau tr\u1edf th\u00e0nh m\u1ed9t doanh nghi\u1ec7p mang l\u1ea1i \u201ch\u1ea1nh ph\u00fac\u201d cho t\u1ea5t c\u1ea3 nh\u1eefng ng\u01b0\u1eddi xung quanh v\u00e0 Quick Group, bao g\u1ed3m c\u1ed5 \u0111\u00f4ng, \u0111\u1ed1i t\u00e1c kinh doanh, \u1ee9ng vi\u00ean t\u00ecm vi\u1ec7c, \u0111\u1ed9c gi\u1ea3, nh\u00e2n vi\u00ean v\u00e0 gia \u0111\u00ecnh c\u1ee7a h\u1ecd c\u0169ng nh\u01b0 c\u1ed9ng \u0111\u1ed3ng \u0111\u1ecba ph\u01b0\u01a1ng \u2013 ch\u00fang t\u00f4i s\u1ebd ti\u1ebfp t\u1ee5c n\u1ed7 l\u1ef1c ph\u00e1t tri\u1ec3n h\u01a1n n\u1eefa.<\/p>\n<\/div>\n<h4 class=\"style02\"><strong>Tri\u1ebft l\u00fd d\u1ecbch v\u1ee5<\/strong><\/h4>\n<div class=\"section clearfix\">\n<p class=\"title01\"><strong>Ch\u00fang t\u00f4i \u0111\u00f3ng g\u00f3p cho x\u00e3 h\u1ed9i th\u00f4ng qua c\u00e1c ho\u1ea1t \u0111\u1ed9ng kinh doanh v\u1ec1 nh\u00e2n s\u1ef1 v\u00e0 th\u00f4ng tin.<\/strong><\/p>\n<p>Trong b\u1ed1n ngu\u1ed3n l\u1ef1c ch\u00ednh trong qu\u1ea3n tr\u1ecb doanh nghi\u1ec7p \u2013 \u201ccon ng\u01b0\u1eddi\u201d, \u201cv\u1eadt ch\u1ea5t\u201d, \u201ct\u00e0i ch\u00ednh\u201d v\u00e0 \u201cth\u00f4ng tin\u201d \u2013 ch\u00fang t\u00f4i lu\u00f4n nh\u1ea5t qu\u00e1n cung c\u1ea5p c\u00e1c d\u1ecbch v\u1ee5 chuy\u00ean bi\u1ec7t t\u1eadp trung v\u00e0o \u201ccon ng\u01b0\u1eddi\u201d v\u00e0 \u201cth\u00f4ng tin\u201d.<br \/>\nB\u1eb1ng c\u00e1ch t\u1eadn d\u1ee5ng to\u00e0n di\u1ec7n c\u00e1c ngu\u1ed3n l\u1ef1c kinh doanh c\u1ee7a Quick Group, ch\u00fang t\u00f4i \u0111\u00e1p \u1ee9ng \u0111a d\u1ea1ng c\u00e1c nhu c\u1ea7u c\u1ee7a kh\u00e1ch h\u00e0ng, t\u1eeb \u0111\u00f3 \u0111\u00f3ng g\u00f3p cho x\u00e3 h\u1ed9i, x\u00e2y d\u1ef1ng l\u00f2ng tin ti\u1ebfp t\u1ee5c v\u00e0 n\u00e2ng cao gi\u00e1 tr\u1ecb doanh nghi\u1ec7p.<\/p>\n<\/div>\n<h4 class=\"style02\"><strong>N\u1ed9i dung d\u1ecbch v\u1ee5<\/strong><\/h4>\n<div class=\"section clearfix\">\n<p class=\"title01\"><strong>D\u1ecbch v\u1ee5 gi\u1edbi thi\u1ec7u nh\u00e2n s\u1ef1 (ng\u01b0\u1eddi Nh\u1eadt\u30fbng\u01b0\u1eddi Vi\u1ec7t) (License No.: VSIC7810CPC872)<\/strong><\/p>\n<p>\u203b C\u00f4ng ty ch\u00fang t\u00f4i \u0111\u01b0\u1ee3c c\u1ea5p gi\u1ea5y ph\u00e9p gi\u1edbi thi\u1ec7u nh\u00e2n s\u1ef1 h\u1ee3p ph\u00e1p t\u1ea1i Vi\u1ec7t Nam<\/p>\n<p class=\"title01\"><strong>T\u01b0 v\u1ea5n qu\u1ea3n l\u00fd nh\u00e2n s\u1ef1 (License No.: VSIC702-7020-70200CPC86504)<\/strong><\/p>\n<p>\u30fb X\u00e2y d\u1ef1ng chi\u1ebfn l\u01b0\u1ee3c tuy\u1ec3n d\u1ee5ng, l\u1ef1a ch\u1ecdn ngu\u1ed3n nh\u00e2n l\u1ef1c, x\u00e2y d\u1ef1ng quy tr\u00ecnh tuy\u1ec3n d\u1ee5ng, h\u1ec7 th\u1ed1ng \u0111\u00e1nh gi\u00e1 nh\u00e2n s\u1ef1, t\u01b0 v\u1ea5n x\u00e2y d\u1ef1ng m\u1ed1i quan h\u1ec7 gi\u1eefa doanh nghi\u1ec7p v\u00e0 ng\u01b0\u1eddi lao \u0111\u1ed9ng (t\u01b0 v\u1ea5n lao \u0111\u1ed9ng)<\/p>\n<table>\n<tbody>\n<tr>\n<th class=\"w20\">T\u00ean c\u00f4ng ty<\/th>\n<td>QUICK VIETNAM CO.,LTD.<\/td>\n<\/tr>\n<tr>\n<th>\u0110\u1ecba ch\u1ec9<\/th>\n<td>T\u1ea7ng 4 T\u00f2a nh\u00e0 IBC, s\u1ed1 1A \u0110\u01b0\u1eddng C\u00f4ng Tr\u01b0\u1eddng M\u00ea Linh, Ph\u01b0\u1eddng S\u00e0i G\u00f2n, Th\u00e0nh ph\u1ed1 H\u1ed3 Ch\u00ed Minh, Vi\u1ec7t Nam<\/td>\n<\/tr>\n<tr>\n<th>TEL<\/th>\n<td>+84-28-3823-6001<\/td>\n<\/tr>\n<tr>\n<th>Mail<\/th>\n<td><a href=\"mailto:info@919vn.com\">info@919vn.com<\/a><\/td>\n<\/tr>\n<tr>\n<th>FAX<\/th>\n<td>+84-28-3823-6002<\/td>\n<\/tr>\n<tr>\n<th>Th\u00e0nh l\u1eadp<\/th>\n<td>Ng\u00e0y 04 th\u00e1ng 04 n\u0103m 2012<\/td>\n<\/tr>\n<tr>\n<th>V\u1ed1n \u0111i\u1ec1u l\u1ec7<\/th>\n<td>220,000 USD (100% v\u1ed1n \u0111\u1ea7u t\u01b0 c\u1ee7a QUICK CO., LTD.)<\/td>\n<\/tr>\n<\/tbody>\n<\/table>\n<\/div>\n<div class=\"section clearfix\"><iframe loading=\"lazy\" style=\"border: 0;\" src=\"https:\/\/www.google.com\/maps\/embed?pb=!1m18!1m12!1m3!1d3919.4597146271867!2d106.70425041527463!3d10.776059262145992!2m3!1f0!2f0!3f0!3m2!1i1024!2i768!4f13.1!3m3!1m2!1s0x31752f45db21c627%3A0x202367a23adfac60!2zUXVpY2sgVmlldG5hbe-8iOOCr-OCpOODg-OCr-ODmeODiOODiuODoO-8iQ!5e0!3m2!1sen!2s!4v1535082545358\" width=\"100%\" height=\"450\" frameborder=\"0\" allowfullscreen=\"allowfullscreen\"><\/iframe><\/div>\n<h3 class=\"style03\"><strong>QUICK CO., LTD<\/strong>\u00a0(Ni\u00eam y\u1ebft tr\u00ean th\u1ecb tr\u01b0\u1eddng Prime c\u1ee7a s\u1edf giao d\u1ecbch ch\u1ee9ng kho\u00e1n Tokyo)<\/h3>\n<div class=\"section clearfix\">\n<table style=\"height: 349px; width: 99.9741%;\">\n<tbody>\n<tr style=\"height: 24px;\">\n<th class=\"w20\" style=\"height: 24px; width: 18.7444%;\"><strong>Th\u00e0nh l\u1eadp<\/strong><\/th>\n<td style=\"height: 24px; width: 104.395%;\">Ng\u00e0y 19 th\u00e1ng 09 n\u0103m 1980<\/td>\n<\/tr>\n<tr style=\"height: 24px;\">\n<th style=\"height: 24px; width: 18.7444%;\"><strong>V\u1ed1n \u0111i\u1ec1u l\u1ec7<\/strong><\/th>\n<td style=\"height: 24px; width: 104.395%;\">351,310,000 JPY (k\u1ef3 t\u00e0i ch\u00ednh th\u00e1ng 03 n\u0103m 2025)<\/td>\n<\/tr>\n<tr style=\"height: 24px;\">\n<th style=\"height: 24px; width: 18.7444%;\"><strong>Doanh thu<\/strong><\/th>\n<td style=\"height: 24px; width: 104.395%;\">32,501,010,000 JPY (k\u1ef3 t\u00e0i ch\u00ednh th\u00e1ng 03 n\u0103m 2025, t\u1ed5ng h\u1ee3p to\u00e0n t\u1eadp \u0111o\u00e0n)<\/td>\n<\/tr>\n<tr style=\"height: 24px;\">\n<th style=\"height: 24px; width: 18.7444%;\"><strong>S\u1ed1 l\u01b0\u1ee3ng nh\u00e2n vi\u00ean<\/strong><\/th>\n<td style=\"height: 24px; width: 104.395%;\">2,021 ng\u01b0\u1eddi (T\u00ednh \u0111\u1ebfn 01\/10\/2025, t\u1ed5ng h\u1ee3p to\u00e0n t\u1eadp \u0111o\u00e0n)<\/td>\n<\/tr>\n<tr style=\"height: 24px;\">\n<th style=\"height: 24px; width: 18.7444%;\"><strong>Ng\u01b0\u1eddi \u0111\u1ea1i di\u1ec7n<\/strong><\/th>\n<td style=\"height: 24px; width: 104.395%;\">T\u1ed5ng gi\u00e1m \u0111\u1ed1c \u0111i\u1ec1u h\u00e0nh \u3000\u3000\u3000Ichiro Kawaguchi<\/td>\n<\/tr>\n<\/tbody>\n<\/table>\n<\/div>\n<h3><strong>T\u1eadp \u0111o\u00e0n c\u00f4ng ty<\/strong><\/h3>\n<div class=\"section clearfix\">\n<ul class=\"under-logo-list\">\n<li class=\"\"><a href=\"https:\/\/919.jp\/\" target=\"_blank\" rel=\"noopener\"><img decoding=\"async\" class=\"\" src=\"https:\/\/919vn.com\/wp-content\/themes\/919vn\/images\/navi_logo01.jpg\" alt=\"\" width=\"177px\" data-src=\"https:\/\/919vn.com\/wp-content\/themes\/919vn\/images\/navi_logo01.jpg\" \/><\/a><\/li>\n<li class=\"\"><a href=\"https:\/\/hrvision.co.jp\/\" target=\"_blank\" rel=\"noopener\"><img decoding=\"async\" class=\"\" src=\"https:\/\/919vn.com\/wp-content\/themes\/919vn\/images\/navi_logo02.jpg\" alt=\"\" width=\"211px\" data-src=\"https:\/\/919vn.com\/wp-content\/themes\/919vn\/images\/navi_logo02.jpg\" \/><\/a><\/li>\n<li class=\"\"><a href=\"https:\/\/www.colorfulcompany.co.jp\/\" target=\"_blank\" rel=\"noopener\"><img decoding=\"async\" class=\"\" src=\"https:\/\/919vn.com\/wp-content\/themes\/919vn\/images\/navi_logo03.jpg\" alt=\"\" width=\"240px\" data-src=\"https:\/\/919vn.com\/wp-content\/themes\/919vn\/images\/navi_logo03.jpg\" \/><\/a><\/li>\n<li class=\"\"><a href=\"http:\/\/www.career-system.net\/\" target=\"_blank\" rel=\"noopener\"><img decoding=\"async\" class=\"\" src=\"https:\/\/919vn.com\/wp-content\/themes\/919vn\/images\/navi_logo04.jpg\" alt=\"\" width=\"240px\" data-src=\"https:\/\/919vn.com\/wp-content\/themes\/919vn\/images\/navi_logo04.jpg\" \/><\/a><\/li>\n<li class=\"\"><a href=\"http:\/\/www.workproject.co.jp\/\" target=\"_blank\" rel=\"noopener\"><img decoding=\"async\" class=\"\" src=\"https:\/\/919vn.com\/wp-content\/themes\/919vn\/images\/navi_logo05.jpg\" alt=\"\" width=\"240px\" data-src=\"https:\/\/919vn.com\/wp-content\/themes\/919vn\/images\/navi_logo05.jpg\" \/><\/a><\/li>\n<li class=\"\"><a href=\"http:\/\/www.919usa.com\/\" target=\"_blank\" rel=\"noopener\"><img decoding=\"async\" class=\"\" src=\"https:\/\/919vn.com\/wp-content\/themes\/919vn\/images\/navi_logo07.jpg\" alt=\"\" width=\"213px\" data-src=\"https:\/\/919vn.com\/wp-content\/themes\/919vn\/images\/navi_logo07.jpg\" \/><\/a><\/li>\n<li class=\"none\"><a href=\"http:\/\/919sh.cn\/\" target=\"_blank\" rel=\"noopener\"><img decoding=\"async\" class=\"\" src=\"https:\/\/919vn.com\/wp-content\/themes\/919vn\/images\/navi_logo08.jpg\" alt=\"\" width=\"173px\" data-src=\"https:\/\/919vn.com\/wp-content\/themes\/919vn\/images\/navi_logo08.jpg\" \/><\/a><\/li>\n<li class=\"none\"><img decoding=\"async\" class=\"\" src=\"https:\/\/919vn.com\/wp-content\/themes\/919vn\/images\/navi_logo11.jpg\" alt=\"\" width=\"240px\" data-src=\"https:\/\/919vn.com\/wp-content\/themes\/919vn\/images\/navi_logo11.jpg\" \/><\/li>\n<li class=\"\"><a href=\"http:\/\/www.919mexico.com\/\" target=\"_blank\" rel=\"noopener\"><img decoding=\"async\" class=\"\" src=\"https:\/\/919vn.com\/wp-content\/themes\/919vn\/images\/navi_logo09.jpg\" alt=\"\" width=\"240px\" data-src=\"https:\/\/919vn.com\/wp-content\/themes\/919vn\/images\/navi_logo09.jpg\" \/><\/a><\/li>\n<li class=\"\"><img decoding=\"async\" class=\"\" src=\"https:\/\/919vn.com\/wp-content\/themes\/919vn\/images\/navi_logo12.jpg\" alt=\"\" width=\"240px\" data-src=\"https:\/\/919vn.com\/wp-content\/themes\/919vn\/images\/navi_logo12.jpg\" \/><\/li>\n<li class=\"\"><a href=\"https:\/\/www.qhr.co.th\/ja\/\" target=\"_blank\" rel=\"noopener\"><img decoding=\"async\" class=\"\" src=\"https:\/\/919vn.com\/wp-content\/themes\/919vn\/images\/navi_logo13.jpg\" alt=\"\" width=\"240px\" data-src=\"https:\/\/919vn.com\/wp-content\/themes\/919vn\/images\/navi_logo13.jpg\" \/><\/a><\/li>\n<li class=\"\"><a href=\"https:\/\/www.centrepeople.com\/japanese\/index.php\" target=\"_blank\" rel=\"noopener\"><img decoding=\"async\" class=\"\" src=\"https:\/\/919vn.com\/wp-content\/themes\/919vn\/images\/navi_logo10.jpg\" alt=\"\" width=\"240px\" data-src=\"https:\/\/919vn.com\/wp-content\/themes\/919vn\/images\/navi_logo10.jpg\" \/><\/a><\/li>\n<\/ul>\n<\/div>\n","protected":false},"excerpt":{"rendered":"<p>V\u1ec1 QUICK VIETNAM CO.,LTD. QUICK VIETNAM CO., LTD. l\u00e0 ph\u00e1p nh\u00e2n t\u1ea1i Vi\u1ec7t Nam c\u1ee7a QUICK CO., LTD &#8211; c\u00f4ng ty \u0111\u00e3 ho\u1ea1t \u0111\u1ed9ng trong l\u0129nh v\u1ef1c nh\u00e2n s\u1ef1 h\u01a1n 40 n\u0103m t\u1ea1i Nh\u1eadt B\u1ea3n. Tri\u1ebft l\u00fd kinh doanh H\u01b0\u1edbng t\u1edbi m\u1ee5c ti\u00eau tr\u1edf th\u00e0nh doanh nghi\u1ec7p \u201cmang l\u1ea1i h\u1ea1nh ph\u00fac cho t\u1ea5t c\u1ea3 nh\u1eefng [&hellip;]<\/p>\n","protected":false},"author":2,"featured_media":0,"parent":0,"menu_order":0,"comment_status":"closed","ping_status":"closed","template":"","meta":{"_acf_changed":false,"_locale":"vi","_original_post":"http:\/\/919vn.webstarterz.com\/919vn.com\/?page_id=48","footnotes":""},"class_list":["post-13943","page","type-page","status-publish","hentry","vi"],"acf":[],"yoast_head":"<!-- This site is optimized with the Yoast SEO plugin v25.7 - https:\/\/yoast.com\/wordpress\/plugins\/seo\/ -->\n<title>\u4f1a\u793e\u6982\u8981\uff5c\u30db\u30fc\u30c1\u30df\u30f3\u8ee2\u8077\u30fb\u5c31\u8077 \u30af\u30a4\u30c3\u30af\u30d9\u30c8\u30ca\u30e0<\/title>\n<meta name=\"description\" content=\"QUICK VIETNAM CO., LTD\u306f\u65e5\u672c\u306735\u5e74\u4ee5\u4e0a\u306b\u308f\u305f\u3063\u3066\u4eba\u6750\u30d3\u30b8\u30cd\u30b9\u306b\u53d6\u308a\u7d44\u3093\u3067\u304d\u305f\u3231\u30af\u30a4\u30c3\u30af100\uff05\u51fa\u8cc7\u306e\u30d9\u30c8\u30ca\u30e0\u6cd5\u4eba\u3067\u3059\u3002\u3231\u30af\u30a4\u30c3\u30af\uff08\u6771\u8a3c\u4e00\u90e8\u4e0a\u5834)\u3000\u3000\u58f2\u4e0a\u9ad8\u3000145\u5104\u5186\uff082017\u5e743\u6708\u671f\u3001\u30b0\u30eb\u30fc\u30d7\u8a08\uff09\u5f93\u696d\u54e1\u6570960\u540d\" \/>\n<meta name=\"robots\" content=\"index, follow, max-snippet:-1, max-image-preview:large, max-video-preview:-1\" \/>\n<link rel=\"canonical\" href=\"https:\/\/919vn.com\/vi\/gioi-thieu-cong-ty\/\" \/>\n<meta property=\"og:locale\" content=\"vi_VN\" \/>\n<meta property=\"og:type\" content=\"article\" \/>\n<meta property=\"og:title\" content=\"\u4f1a\u793e\u6982\u8981\uff5c\u30db\u30fc\u30c1\u30df\u30f3\u8ee2\u8077\u30fb\u5c31\u8077 \u30af\u30a4\u30c3\u30af\u30d9\u30c8\u30ca\u30e0\" \/>\n<meta property=\"og:description\" content=\"QUICK VIETNAM CO., LTD\u306f\u65e5\u672c\u306735\u5e74\u4ee5\u4e0a\u306b\u308f\u305f\u3063\u3066\u4eba\u6750\u30d3\u30b8\u30cd\u30b9\u306b\u53d6\u308a\u7d44\u3093\u3067\u304d\u305f\u3231\u30af\u30a4\u30c3\u30af100\uff05\u51fa\u8cc7\u306e\u30d9\u30c8\u30ca\u30e0\u6cd5\u4eba\u3067\u3059\u3002\u3231\u30af\u30a4\u30c3\u30af\uff08\u6771\u8a3c\u4e00\u90e8\u4e0a\u5834)\u3000\u3000\u58f2\u4e0a\u9ad8\u3000145\u5104\u5186\uff082017\u5e743\u6708\u671f\u3001\u30b0\u30eb\u30fc\u30d7\u8a08\uff09\u5f93\u696d\u54e1\u6570960\u540d\" \/>\n<meta property=\"og:url\" content=\"https:\/\/919vn.com\/vi\/gioi-thieu-cong-ty\/\" \/>\n<meta property=\"og:site_name\" content=\"\u30db\u30fc\u30c1\u30df\u30f3\u8ee2\u8077\u30fb\u5c31\u8077 \u30af\u30a4\u30c3\u30af\u30d9\u30c8\u30ca\u30e0\" \/>\n<meta property=\"article:publisher\" content=\"https:\/\/www.facebook.com\/QuickVietnamJP\/\" \/>\n<meta property=\"article:modified_time\" content=\"2025-11-05T01:43:57+00:00\" \/>\n<meta property=\"og:image\" content=\"https:\/\/919vn.com\/wp-content\/uploads\/2017\/07\/img2_QUICK_VIETNAM_signature_RGB.jpg\" \/>\n\t<meta property=\"og:image:width\" content=\"1084\" \/>\n\t<meta property=\"og:image:height\" content=\"1046\" \/>\n\t<meta property=\"og:image:type\" content=\"image\/jpeg\" \/>\n<meta name=\"twitter:card\" content=\"summary_large_image\" \/>\n<meta name=\"twitter:site\" content=\"@quickvietnam919\" \/>\n<meta name=\"twitter:label1\" content=\"\u01af\u1edbc t\u00ednh th\u1eddi gian \u0111\u1ecdc\" \/>\n\t<meta name=\"twitter:data1\" content=\"4 ph\u00fat\" \/>\n<script type=\"application\/ld+json\" class=\"yoast-schema-graph\">{\"@context\":\"https:\/\/schema.org\",\"@graph\":[{\"@type\":\"WebPage\",\"@id\":\"https:\/\/919vn.com\/vi\/gioi-thieu-cong-ty\/\",\"url\":\"https:\/\/919vn.com\/vi\/gioi-thieu-cong-ty\/\",\"name\":\"\u4f1a\u793e\u6982\u8981\uff5c\u30db\u30fc\u30c1\u30df\u30f3\u8ee2\u8077\u30fb\u5c31\u8077 \u30af\u30a4\u30c3\u30af\u30d9\u30c8\u30ca\u30e0\",\"isPartOf\":{\"@id\":\"https:\/\/919vn.com\/#website\"},\"datePublished\":\"2025-09-29T09:58:14+00:00\",\"dateModified\":\"2025-11-05T01:43:57+00:00\",\"description\":\"QUICK VIETNAM CO., LTD\u306f\u65e5\u672c\u306735\u5e74\u4ee5\u4e0a\u306b\u308f\u305f\u3063\u3066\u4eba\u6750\u30d3\u30b8\u30cd\u30b9\u306b\u53d6\u308a\u7d44\u3093\u3067\u304d\u305f\u3231\u30af\u30a4\u30c3\u30af100\uff05\u51fa\u8cc7\u306e\u30d9\u30c8\u30ca\u30e0\u6cd5\u4eba\u3067\u3059\u3002\u3231\u30af\u30a4\u30c3\u30af\uff08\u6771\u8a3c\u4e00\u90e8\u4e0a\u5834)\u3000\u3000\u58f2\u4e0a\u9ad8\u3000145\u5104\u5186\uff082017\u5e743\u6708\u671f\u3001\u30b0\u30eb\u30fc\u30d7\u8a08\uff09\u5f93\u696d\u54e1\u6570960\u540d\",\"breadcrumb\":{\"@id\":\"https:\/\/919vn.com\/vi\/gioi-thieu-cong-ty\/#breadcrumb\"},\"inLanguage\":\"vi\",\"potentialAction\":[{\"@type\":\"ReadAction\",\"target\":[\"https:\/\/919vn.com\/vi\/gioi-thieu-cong-ty\/\"]}]},{\"@type\":\"BreadcrumbList\",\"@id\":\"https:\/\/919vn.com\/vi\/gioi-thieu-cong-ty\/#breadcrumb\",\"itemListElement\":[{\"@type\":\"ListItem\",\"position\":1,\"name\":\"Home\",\"item\":\"https:\/\/919vn.com\/vi\/\"},{\"@type\":\"ListItem\",\"position\":2,\"name\":\"Gi\u1edbi thi\u1ec7u c\u00f4ng ty\"}]},{\"@type\":\"WebSite\",\"@id\":\"https:\/\/919vn.com\/#website\",\"url\":\"https:\/\/919vn.com\/\",\"name\":\"\u30db\u30fc\u30c1\u30df\u30f3\u8ee2\u8077\u30fb\u5c31\u8077 \u30af\u30a4\u30c3\u30af\u30d9\u30c8\u30ca\u30e0\",\"description\":\"Just another WordPress site\",\"potentialAction\":[{\"@type\":\"SearchAction\",\"target\":{\"@type\":\"EntryPoint\",\"urlTemplate\":\"https:\/\/919vn.com\/?s={search_term_string}\"},\"query-input\":{\"@type\":\"PropertyValueSpecification\",\"valueRequired\":true,\"valueName\":\"search_term_string\"}}],\"inLanguage\":\"vi\"}]}<\/script>\n<!-- \/ Yoast SEO plugin. -->","yoast_head_json":{"title":"\u4f1a\u793e\u6982\u8981\uff5c\u30db\u30fc\u30c1\u30df\u30f3\u8ee2\u8077\u30fb\u5c31\u8077 \u30af\u30a4\u30c3\u30af\u30d9\u30c8\u30ca\u30e0","description":"QUICK VIETNAM CO., LTD\u306f\u65e5\u672c\u306735\u5e74\u4ee5\u4e0a\u306b\u308f\u305f\u3063\u3066\u4eba\u6750\u30d3\u30b8\u30cd\u30b9\u306b\u53d6\u308a\u7d44\u3093\u3067\u304d\u305f\u3231\u30af\u30a4\u30c3\u30af100\uff05\u51fa\u8cc7\u306e\u30d9\u30c8\u30ca\u30e0\u6cd5\u4eba\u3067\u3059\u3002\u3231\u30af\u30a4\u30c3\u30af\uff08\u6771\u8a3c\u4e00\u90e8\u4e0a\u5834)\u3000\u3000\u58f2\u4e0a\u9ad8\u3000145\u5104\u5186\uff082017\u5e743\u6708\u671f\u3001\u30b0\u30eb\u30fc\u30d7\u8a08\uff09\u5f93\u696d\u54e1\u6570960\u540d","robots":{"index":"index","follow":"follow","max-snippet":"max-snippet:-1","max-image-preview":"max-image-preview:large","max-video-preview":"max-video-preview:-1"},"canonical":"https:\/\/919vn.com\/vi\/gioi-thieu-cong-ty\/","og_locale":"vi_VN","og_type":"article","og_title":"\u4f1a\u793e\u6982\u8981\uff5c\u30db\u30fc\u30c1\u30df\u30f3\u8ee2\u8077\u30fb\u5c31\u8077 \u30af\u30a4\u30c3\u30af\u30d9\u30c8\u30ca\u30e0","og_description":"QUICK VIETNAM CO., LTD\u306f\u65e5\u672c\u306735\u5e74\u4ee5\u4e0a\u306b\u308f\u305f\u3063\u3066\u4eba\u6750\u30d3\u30b8\u30cd\u30b9\u306b\u53d6\u308a\u7d44\u3093\u3067\u304d\u305f\u3231\u30af\u30a4\u30c3\u30af100\uff05\u51fa\u8cc7\u306e\u30d9\u30c8\u30ca\u30e0\u6cd5\u4eba\u3067\u3059\u3002\u3231\u30af\u30a4\u30c3\u30af\uff08\u6771\u8a3c\u4e00\u90e8\u4e0a\u5834)\u3000\u3000\u58f2\u4e0a\u9ad8\u3000145\u5104\u5186\uff082017\u5e743\u6708\u671f\u3001\u30b0\u30eb\u30fc\u30d7\u8a08\uff09\u5f93\u696d\u54e1\u6570960\u540d","og_url":"https:\/\/919vn.com\/vi\/gioi-thieu-cong-ty\/","og_site_name":"\u30db\u30fc\u30c1\u30df\u30f3\u8ee2\u8077\u30fb\u5c31\u8077 \u30af\u30a4\u30c3\u30af\u30d9\u30c8\u30ca\u30e0","article_publisher":"https:\/\/www.facebook.com\/QuickVietnamJP\/","article_modified_time":"2025-11-05T01:43:57+00:00","og_image":[{"width":1084,"height":1046,"url":"https:\/\/919vn.com\/wp-content\/uploads\/2017\/07\/img2_QUICK_VIETNAM_signature_RGB.jpg","type":"image\/jpeg"}],"twitter_card":"summary_large_image","twitter_site":"@quickvietnam919","twitter_misc":{"\u01af\u1edbc t\u00ednh th\u1eddi gian \u0111\u1ecdc":"4 ph\u00fat"},"schema":{"@context":"https:\/\/schema.org","@graph":[{"@type":"WebPage","@id":"https:\/\/919vn.com\/vi\/gioi-thieu-cong-ty\/","url":"https:\/\/919vn.com\/vi\/gioi-thieu-cong-ty\/","name":"\u4f1a\u793e\u6982\u8981\uff5c\u30db\u30fc\u30c1\u30df\u30f3\u8ee2\u8077\u30fb\u5c31\u8077 \u30af\u30a4\u30c3\u30af\u30d9\u30c8\u30ca\u30e0","isPartOf":{"@id":"https:\/\/919vn.com\/#website"},"datePublished":"2025-09-29T09:58:14+00:00","dateModified":"2025-11-05T01:43:57+00:00","description":"QUICK VIETNAM CO., LTD\u306f\u65e5\u672c\u306735\u5e74\u4ee5\u4e0a\u306b\u308f\u305f\u3063\u3066\u4eba\u6750\u30d3\u30b8\u30cd\u30b9\u306b\u53d6\u308a\u7d44\u3093\u3067\u304d\u305f\u3231\u30af\u30a4\u30c3\u30af100\uff05\u51fa\u8cc7\u306e\u30d9\u30c8\u30ca\u30e0\u6cd5\u4eba\u3067\u3059\u3002\u3231\u30af\u30a4\u30c3\u30af\uff08\u6771\u8a3c\u4e00\u90e8\u4e0a\u5834)\u3000\u3000\u58f2\u4e0a\u9ad8\u3000145\u5104\u5186\uff082017\u5e743\u6708\u671f\u3001\u30b0\u30eb\u30fc\u30d7\u8a08\uff09\u5f93\u696d\u54e1\u6570960\u540d","breadcrumb":{"@id":"https:\/\/919vn.com\/vi\/gioi-thieu-cong-ty\/#breadcrumb"},"inLanguage":"vi","potentialAction":[{"@type":"ReadAction","target":["https:\/\/919vn.com\/vi\/gioi-thieu-cong-ty\/"]}]},{"@type":"BreadcrumbList","@id":"https:\/\/919vn.com\/vi\/gioi-thieu-cong-ty\/#breadcrumb","itemListElement":[{"@type":"ListItem","position":1,"name":"Home","item":"https:\/\/919vn.com\/vi\/"},{"@type":"ListItem","position":2,"name":"Gi\u1edbi thi\u1ec7u c\u00f4ng ty"}]},{"@type":"WebSite","@id":"https:\/\/919vn.com\/#website","url":"https:\/\/919vn.com\/","name":"\u30db\u30fc\u30c1\u30df\u30f3\u8ee2\u8077\u30fb\u5c31\u8077 \u30af\u30a4\u30c3\u30af\u30d9\u30c8\u30ca\u30e0","description":"Just another WordPress site","potentialAction":[{"@type":"SearchAction","target":{"@type":"EntryPoint","urlTemplate":"https:\/\/919vn.com\/?s={search_term_string}"},"query-input":{"@type":"PropertyValueSpecification","valueRequired":true,"valueName":"search_term_string"}}],"inLanguage":"vi"}]}},"_links":{"self":[{"href":"https:\/\/919vn.com\/wp-json\/wp\/v2\/pages\/13943","targetHints":{"allow":["GET"]}}],"collection":[{"href":"https:\/\/919vn.com\/wp-json\/wp\/v2\/pages"}],"about":[{"href":"https:\/\/919vn.com\/wp-json\/wp\/v2\/types\/page"}],"author":[{"embeddable":true,"href":"https:\/\/919vn.com\/wp-json\/wp\/v2\/users\/2"}],"replies":[{"embeddable":true,"href":"https:\/\/919vn.com\/wp-json\/wp\/v2\/comments?post=13943"}],"version-history":[{"count":4,"href":"https:\/\/919vn.com\/wp-json\/wp\/v2\/pages\/13943\/revisions"}],"predecessor-version":[{"id":14197,"href":"https:\/\/919vn.com\/wp-json\/wp\/v2\/pages\/13943\/revisions\/14197"}],"wp:attachment":[{"href":"https:\/\/919vn.com\/wp-json\/wp\/v2\/media?parent=13943"}],"curies":[{"name":"wp","href":"https:\/\/api.w.org\/{rel}","templated":true}]}}